{"id":34,"date":"2012-05-22T20:45:12","date_gmt":"2012-05-22T20:45:12","guid":{"rendered":"http:\/\/aliquando.id-3.net\/?page_id=34"},"modified":"2017-11-14T16:14:52","modified_gmt":"2017-11-14T16:14:52","slug":"me-contacter","status":"publish","type":"page","link":"https:\/\/michelst-onge.com\/en\/me-contacter\/","title":{"rendered":"Contact me"},"content":{"rendered":"","protected":false},"excerpt":{"rendered":"","protected":false},"author":1,"featured_media":0,"parent":0,"menu_order":50,"comment_status":"open","ping_status":"closed","template":"t_contact.php","meta":{"_acf_changed":false,"footnotes":""},"class_list":["post-34","page","type-page","status-publish","hentry"],"acf":[],"yoast_head":"<!-- This site is optimized with the Yoast SEO plugin v26.7 - https:\/\/yoast.com\/wordpress\/plugins\/seo\/ -->\n<title>Bureau : 236 Boul. Cur\u00e9-Labelle, Rosem\u00e8re (QC) J7A 2H4 |<\/title>\n<meta name=\"description\" content=\"Nos coordonn\u00e9es : 236 Boul. Cur\u00e9-Labelle, Rosem\u00e8re (QC) J7A 2H4, Appelez-nous : 450 435-2200 |\" \/>\n<meta name=\"robots\" content=\"index, follow, max-snippet:-1, max-image-preview:large, max-video-preview:-1\" \/>\n<link rel=\"canonical\" href=\"https:\/\/michelst-onge.com\/me-contacter\/\" \/>\n<meta property=\"og:locale\" content=\"en_US\" \/>\n<meta property=\"og:type\" content=\"article\" \/>\n<meta property=\"og:title\" content=\"Bureau : 236 Boul. Cur\u00e9-Labelle, Rosem\u00e8re (QC) J7A 2H4 |\" \/>\n<meta property=\"og:description\" content=\"Nos coordonn\u00e9es : 236 Boul. Cur\u00e9-Labelle, Rosem\u00e8re (QC) J7A 2H4, Appelez-nous : 450 435-2200 |\" \/>\n<meta property=\"og:url\" content=\"https:\/\/michelst-onge.com\/me-contacter\/\" \/>\n<meta property=\"article:publisher\" content=\"https:\/\/www.facebook.com\/michelstonge01\/\" \/>\n<meta property=\"article:modified_time\" content=\"2017-11-14T16:14:52+00:00\" \/>\n<meta name=\"twitter:card\" content=\"summary_large_image\" \/>\n<meta name=\"twitter:site\" content=\"@MichelSt_Onge\" \/>\n<script type=\"application\/ld+json\" class=\"yoast-schema-graph\">{\"@context\":\"https:\/\/schema.org\",\"@graph\":[{\"@type\":\"WebPage\",\"@id\":\"https:\/\/michelst-onge.com\/me-contacter\/\",\"url\":\"https:\/\/michelst-onge.com\/me-contacter\/\",\"name\":\"Bureau : 236 Boul. Cur\u00e9-Labelle, Rosem\u00e8re (QC) J7A 2H4 |\",\"isPartOf\":{\"@id\":\"https:\/\/michelst-onge.com\/en\/#website\"},\"datePublished\":\"2012-05-22T20:45:12+00:00\",\"dateModified\":\"2017-11-14T16:14:52+00:00\",\"description\":\"Nos coordonn\u00e9es : 236 Boul. Cur\u00e9-Labelle, Rosem\u00e8re (QC) J7A 2H4, Appelez-nous : 450 435-2200 |\",\"breadcrumb\":{\"@id\":\"https:\/\/michelst-onge.com\/me-contacter\/#breadcrumb\"},\"inLanguage\":\"en-US\",\"potentialAction\":[{\"@type\":\"ReadAction\",\"target\":[\"https:\/\/michelst-onge.com\/me-contacter\/\"]}]},{\"@type\":\"BreadcrumbList\",\"@id\":\"https:\/\/michelst-onge.com\/me-contacter\/#breadcrumb\",\"itemListElement\":[{\"@type\":\"ListItem\",\"position\":1,\"name\":\"Accueil\",\"item\":\"https:\/\/michelst-onge.com\/en\/\"},{\"@type\":\"ListItem\",\"position\":2,\"name\":\"Me contacter\"}]},{\"@type\":\"WebSite\",\"@id\":\"https:\/\/michelst-onge.com\/en\/#website\",\"url\":\"https:\/\/michelst-onge.com\/en\/\",\"name\":\"\",\"description\":\"\",\"potentialAction\":[{\"@type\":\"SearchAction\",\"target\":{\"@type\":\"EntryPoint\",\"urlTemplate\":\"https:\/\/michelst-onge.com\/en\/?s={search_term_string}\"},\"query-input\":{\"@type\":\"PropertyValueSpecification\",\"valueRequired\":true,\"valueName\":\"search_term_string\"}}],\"inLanguage\":\"en-US\"}]}<\/script>\n<!-- \/ Yoast SEO plugin. -->","yoast_head_json":{"title":"Bureau : 236 Boul. Cur\u00e9-Labelle, Rosem\u00e8re (QC) J7A 2H4 |","description":"Nos coordonn\u00e9es : 236 Boul. Cur\u00e9-Labelle, Rosem\u00e8re (QC) J7A 2H4, Appelez-nous : 450 435-2200 |","robots":{"index":"index","follow":"follow","max-snippet":"max-snippet:-1","max-image-preview":"max-image-preview:large","max-video-preview":"max-video-preview:-1"},"canonical":"https:\/\/michelst-onge.com\/me-contacter\/","og_locale":"en_US","og_type":"article","og_title":"Bureau : 236 Boul. Cur\u00e9-Labelle, Rosem\u00e8re (QC) J7A 2H4 |","og_description":"Nos coordonn\u00e9es : 236 Boul. Cur\u00e9-Labelle, Rosem\u00e8re (QC) J7A 2H4, Appelez-nous : 450 435-2200 |","og_url":"https:\/\/michelst-onge.com\/me-contacter\/","article_publisher":"https:\/\/www.facebook.com\/michelstonge01\/","article_modified_time":"2017-11-14T16:14:52+00:00","twitter_card":"summary_large_image","twitter_site":"@MichelSt_Onge","schema":{"@context":"https:\/\/schema.org","@graph":[{"@type":"WebPage","@id":"https:\/\/michelst-onge.com\/me-contacter\/","url":"https:\/\/michelst-onge.com\/me-contacter\/","name":"Bureau : 236 Boul. Cur\u00e9-Labelle, Rosem\u00e8re (QC) J7A 2H4 |","isPartOf":{"@id":"https:\/\/michelst-onge.com\/en\/#website"},"datePublished":"2012-05-22T20:45:12+00:00","dateModified":"2017-11-14T16:14:52+00:00","description":"Nos coordonn\u00e9es : 236 Boul. Cur\u00e9-Labelle, Rosem\u00e8re (QC) J7A 2H4, Appelez-nous : 450 435-2200 |","breadcrumb":{"@id":"https:\/\/michelst-onge.com\/me-contacter\/#breadcrumb"},"inLanguage":"en-US","potentialAction":[{"@type":"ReadAction","target":["https:\/\/michelst-onge.com\/me-contacter\/"]}]},{"@type":"BreadcrumbList","@id":"https:\/\/michelst-onge.com\/me-contacter\/#breadcrumb","itemListElement":[{"@type":"ListItem","position":1,"name":"Accueil","item":"https:\/\/michelst-onge.com\/en\/"},{"@type":"ListItem","position":2,"name":"Me contacter"}]},{"@type":"WebSite","@id":"https:\/\/michelst-onge.com\/en\/#website","url":"https:\/\/michelst-onge.com\/en\/","name":"","description":"","potentialAction":[{"@type":"SearchAction","target":{"@type":"EntryPoint","urlTemplate":"https:\/\/michelst-onge.com\/en\/?s={search_term_string}"},"query-input":{"@type":"PropertyValueSpecification","valueRequired":true,"valueName":"search_term_string"}}],"inLanguage":"en-US"}]}},"_links":{"self":[{"href":"https:\/\/michelst-onge.com\/en\/wp-json\/wp\/v2\/pages\/34","targetHints":{"allow":["GET"]}}],"collection":[{"href":"https:\/\/michelst-onge.com\/en\/wp-json\/wp\/v2\/pages"}],"about":[{"href":"https:\/\/michelst-onge.com\/en\/wp-json\/wp\/v2\/types\/page"}],"author":[{"embeddable":true,"href":"https:\/\/michelst-onge.com\/en\/wp-json\/wp\/v2\/users\/1"}],"replies":[{"embeddable":true,"href":"https:\/\/michelst-onge.com\/en\/wp-json\/wp\/v2\/comments?post=34"}],"version-history":[{"count":3,"href":"https:\/\/michelst-onge.com\/en\/wp-json\/wp\/v2\/pages\/34\/revisions"}],"predecessor-version":[{"id":488,"href":"https:\/\/michelst-onge.com\/en\/wp-json\/wp\/v2\/pages\/34\/revisions\/488"}],"wp:attachment":[{"href":"https:\/\/michelst-onge.com\/en\/wp-json\/wp\/v2\/media?parent=34"}],"curies":[{"name":"wp","href":"https:\/\/api.w.org\/{rel}","templated":true}]}}